{"id":10,"date":"2021-03-04T11:07:20","date_gmt":"2021-03-04T11:07:20","guid":{"rendered":"https:\/\/uellart.com\/?page_id=10"},"modified":"2023-07-10T09:06:00","modified_gmt":"2023-07-10T09:06:00","slug":"home","status":"publish","type":"page","link":"https:\/\/turneel.com\/en\/","title":{"rendered":"Home"},"content":{"rendered":"\t\t<div data-elementor-type=\"wp-page\" data-elementor-id=\"10\" class=\"elementor elementor-10\" data-elementor-post-type=\"page\">\n\t\t\t\t\t\t<section class=\"elementor-section elementor-top-section elementor-element elementor-element-ec24aff elementor-section-height-min-height elementor-section-stretched elementor-section-boxed elementor-section-height-default elementor-section-items-middle\" data-id=\"ec24aff\" data-element_type=\"section\" data-e-type=\"section\" data-settings=\"{&quot;stretch_section&quot;:&quot;section-stretched&quot;,&quot;background_background&quot;:&quot;slideshow&quot;,&quot;background_slideshow_gallery&quot;:[{&quot;id&quot;:358,&quot;url&quot;:&quot;https:\\\/\\\/turneel.com\\\/wp-content\\\/uploads\\\/2021\\\/05\\\/artiste-peintre-contemporain-ilaan-turneel.jpg&quot;}],&quot;background_slideshow_loop&quot;:&quot;yes&quot;,&quot;background_slideshow_slide_duration&quot;:5000,&quot;background_slideshow_slide_transition&quot;:&quot;fade&quot;,&quot;background_slideshow_transition_duration&quot;:500}\">\n\t\t\t\t\t\t<div class=\"elementor-container elementor-column-gap-default\">\n\t\t\t\t\t<div class=\"elementor-column elementor-col-100 elementor-top-column elementor-element elementor-element-9a4732c\" data-id=\"9a4732c\" data-element_type=\"column\" data-e-type=\"column\">\n\t\t\t<div class=\"elementor-widget-wrap\">\n\t\t\t\t\t\t\t<\/div>\n\t\t<\/div>\n\t\t\t\t\t<\/div>\n\t\t<\/section>\n\t\t\t\t<section class=\"elementor-section elementor-top-section elementor-element elementor-element-185f8a4 elementor-section-boxed elementor-section-height-default elementor-section-height-default\" data-id=\"185f8a4\" data-element_type=\"section\" data-e-type=\"section\">\n\t\t\t\t\t\t<div class=\"elementor-container elementor-column-gap-default\">\n\t\t\t\t\t<div class=\"elementor-column elementor-col-50 elementor-top-column elementor-element elementor-element-10745ec\" data-id=\"10745ec\" data-element_type=\"column\" data-e-type=\"column\">\n\t\t\t<div class=\"elementor-widget-wrap elementor-element-populated\">\n\t\t\t\t\t\t<div class=\"elementor-element elementor-element-7057f34 elementor-widget elementor-widget-image\" data-id=\"7057f34\" data-element_type=\"widget\" data-e-type=\"widget\" data-widget_type=\"image.default\">\n\t\t\t\t<div class=\"elementor-widget-container\">\n\t\t\t\t\t\t\t\t\t\t\t\t\t\t\t<img fetchpriority=\"high\" decoding=\"async\" width=\"1000\" height=\"760\" src=\"https:\/\/turneel.com\/wp-content\/uploads\/2021\/05\/ilaan-turneel-peintre-ile-de-re.jpg\" class=\"attachment-large size-large wp-image-354\" alt=\"\" srcset=\"https:\/\/turneel.com\/wp-content\/uploads\/2021\/05\/ilaan-turneel-peintre-ile-de-re.jpg 1000w, https:\/\/turneel.com\/wp-content\/uploads\/2021\/05\/ilaan-turneel-peintre-ile-de-re-300x228.jpg 300w, https:\/\/turneel.com\/wp-content\/uploads\/2021\/05\/ilaan-turneel-peintre-ile-de-re-768x584.jpg 768w, https:\/\/turneel.com\/wp-content\/uploads\/2021\/05\/ilaan-turneel-peintre-ile-de-re-900x684.jpg 900w\" sizes=\"(max-width: 1000px) 100vw, 1000px\" \/>\t\t\t\t\t\t\t\t\t\t\t\t\t\t\t<\/div>\n\t\t\t\t<\/div>\n\t\t\t\t\t<\/div>\n\t\t<\/div>\n\t\t\t\t<div class=\"elementor-column elementor-col-50 elementor-top-column elementor-element elementor-element-d7de08b\" data-id=\"d7de08b\" data-element_type=\"column\" data-e-type=\"column\">\n\t\t\t<div class=\"elementor-widget-wrap elementor-element-populated\">\n\t\t\t\t\t\t<div class=\"elementor-element elementor-element-fc11cd4 elementor-widget elementor-widget-heading\" data-id=\"fc11cd4\" data-element_type=\"widget\" data-e-type=\"widget\" data-widget_type=\"heading.default\">\n\t\t\t\t<div class=\"elementor-widget-container\">\n\t\t\t\t\t<h2 class=\"elementor-heading-title elementor-size-default\">Artiste en eaux tourment\u00e9es<\/h2>\t\t\t\t<\/div>\n\t\t\t\t<\/div>\n\t\t\t\t<div class=\"elementor-element elementor-element-0cf6be6 elementor-widget elementor-widget-text-editor\" data-id=\"0cf6be6\" data-element_type=\"widget\" data-e-type=\"widget\" data-widget_type=\"text-editor.default\">\n\t\t\t\t<div class=\"elementor-widget-container\">\n\t\t\t\t\t\t\t\t\t<p>L&rsquo;oc\u00e9an pour d\u00e9mon, la peinture pour exutoire, Ilaan est un peintre des extr\u00eames, avec des bleus profonds, des noirs intenses et des blancs \u00e9clatants, il nous raconte sa vie et sa vision de l&rsquo;infini de l&rsquo;eau, son \u00e9l\u00e9ment brutal.<\/p><p>Aux fronti\u00e8res des bleus, il nous immerge dans son monde inqui\u00e9tant, ou le l\u00e2cher prise est une r\u00e8gle pour survivre, tel un bouchon flottant, spectateur des \u00e9l\u00e9ments d\u00e9cha\u00een\u00e9s qu&rsquo;il nous offre, sans rep\u00e8re ni \u00e9chappatoire.<\/p><p>Bienvenue dans le monde d&rsquo;Ilaan Turneel, un artiste conscient de notre d\u00e9nuement face \u00e0 la puissance de la Terre, incarn\u00e9e par la mer.\u00a0<\/p>\t\t\t\t\t\t\t\t<\/div>\n\t\t\t\t<\/div>\n\t\t\t\t\t<\/div>\n\t\t<\/div>\n\t\t\t\t\t<\/div>\n\t\t<\/section>\n\t\t\t\t<section class=\"elementor-section elementor-top-section elementor-element elementor-element-f4932b1 elementor-hidden-desktop elementor-hidden-tablet elementor-hidden-mobile elementor-section-boxed elementor-section-height-default elementor-section-height-default\" data-id=\"f4932b1\" data-element_type=\"section\" data-e-type=\"section\">\n\t\t\t\t\t\t<div class=\"elementor-container elementor-column-gap-default\">\n\t\t\t\t\t<div class=\"elementor-column elementor-col-100 elementor-top-column elementor-element elementor-element-cbb1b42\" data-id=\"cbb1b42\" data-element_type=\"column\" data-e-type=\"column\">\n\t\t\t<div class=\"elementor-widget-wrap elementor-element-populated\">\n\t\t\t\t\t\t<div class=\"elementor-element elementor-element-64c97f3 elementor-widget elementor-widget-heading\" data-id=\"64c97f3\" data-element_type=\"widget\" data-e-type=\"widget\" data-widget_type=\"heading.default\">\n\t\t\t\t<div class=\"elementor-widget-container\">\n\t\t\t\t\t<h2 class=\"elementor-heading-title elementor-size-default\">Actualit\u00e9s<\/h2>\t\t\t\t<\/div>\n\t\t\t\t<\/div>\n\t\t\t\t\t<\/div>\n\t\t<\/div>\n\t\t\t\t\t<\/div>\n\t\t<\/section>\n\t\t\t\t<section class=\"elementor-section elementor-top-section elementor-element elementor-element-e32f049 elementor-section-boxed elementor-section-height-default elementor-section-height-default\" data-id=\"e32f049\" data-element_type=\"section\" data-e-type=\"section\">\n\t\t\t\t\t\t<div class=\"elementor-container elementor-column-gap-default\">\n\t\t\t\t\t<div class=\"elementor-column elementor-col-50 elementor-top-column elementor-element elementor-element-81a5fe4\" data-id=\"81a5fe4\" data-element_type=\"column\" data-e-type=\"column\">\n\t\t\t<div class=\"elementor-widget-wrap\">\n\t\t\t\t\t\t\t<\/div>\n\t\t<\/div>\n\t\t\t\t<div class=\"elementor-column elementor-col-50 elementor-top-column elementor-element elementor-element-7f3b743\" data-id=\"7f3b743\" data-element_type=\"column\" data-e-type=\"column\">\n\t\t\t<div class=\"elementor-widget-wrap\">\n\t\t\t\t\t\t\t<\/div>\n\t\t<\/div>\n\t\t\t\t\t<\/div>\n\t\t<\/section>\n\t\t\t\t<\/div>\n\t\t","protected":false},"excerpt":{"rendered":"<p>Artiste en eaux tourment\u00e9es L&rsquo;oc\u00e9an pour d\u00e9mon, la peinture pour exutoire, Ilaan est un peintre des extr\u00eames, avec des bleus profonds, des noirs intenses et des blancs \u00e9clatants, il nous raconte sa vie et sa vision de l&rsquo;infini de l&rsquo;eau, son \u00e9l\u00e9ment brutal. Aux fronti\u00e8res des bleus, il nous immerge dans son monde inqui\u00e9tant, ou [&hellip;]<\/p>\n","protected":false},"author":1,"featured_media":0,"parent":0,"menu_order":0,"comment_status":"closed","ping_status":"closed","template":"","meta":{"_seopress_robots_primary_cat":"","_seopress_titles_title":"","_seopress_titles_desc":"","_seopress_robots_index":"","footnotes":""},"class_list":["post-10","page","type-page","status-publish","hentry","entry"],"yoast_head":"<!-- This site is optimized with the Yoast SEO plugin v27.3 - https:\/\/yoast.com\/product\/yoast-seo-wordpress\/ -->\n<title>Ilaan Turneel - Artiste peintre de l&#039;\u00cele de R\u00e9 - L&#039;artiste du bleu<\/title>\n<meta name=\"description\" content=\"Artiste de l&#039;\u00cele de R\u00e9, peintre de mer \u00e0 l&#039;\u00cele de R\u00e9, l&#039;oc\u00e9an, les bleus, la force de la mer, mati\u00e8re et couleurs\" \/>\n<meta name=\"robots\" content=\"index, follow, max-snippet:-1, max-image-preview:large, max-video-preview:-1\" \/>\n<link rel=\"canonical\" href=\"https:\/\/turneel.com\/en\/\" \/>\n<meta property=\"og:locale\" content=\"en_GB\" \/>\n<meta property=\"og:type\" content=\"article\" \/>\n<meta property=\"og:title\" content=\"Ilaan Turneel - Artiste peintre de l&#039;\u00cele de R\u00e9 - L&#039;artiste du bleu\" \/>\n<meta property=\"og:description\" content=\"Artiste de l&#039;\u00cele de R\u00e9, peintre de mer \u00e0 l&#039;\u00cele de R\u00e9, l&#039;oc\u00e9an, les bleus, la force de la mer, mati\u00e8re et couleurs\" \/>\n<meta property=\"og:url\" content=\"https:\/\/turneel.com\/en\/\" \/>\n<meta property=\"og:site_name\" content=\"Ilaan Turneel\" \/>\n<meta property=\"article:modified_time\" content=\"2023-07-10T09:06:00+00:00\" \/>\n<meta property=\"og:image\" content=\"https:\/\/turneel.com\/wp-content\/uploads\/2021\/05\/ilaan-turneel-peintre-ile-de-re.jpg\" \/>\n<meta name=\"twitter:card\" content=\"summary_large_image\" \/>\n<meta name=\"twitter:label1\" content=\"Estimated reading time\" \/>\n\t<meta name=\"twitter:data1\" content=\"1 minute\" \/>\n<script type=\"application\/ld+json\" class=\"yoast-schema-graph\">{\"@context\":\"https:\\\/\\\/schema.org\",\"@graph\":[{\"@type\":\"WebPage\",\"@id\":\"https:\\\/\\\/turneel.com\\\/\",\"url\":\"https:\\\/\\\/turneel.com\\\/\",\"name\":\"Ilaan Turneel - Artiste peintre de l'\u00cele de R\u00e9 - L'artiste du bleu\",\"isPartOf\":{\"@id\":\"https:\\\/\\\/turneel.com\\\/#website\"},\"primaryImageOfPage\":{\"@id\":\"https:\\\/\\\/turneel.com\\\/#primaryimage\"},\"image\":{\"@id\":\"https:\\\/\\\/turneel.com\\\/#primaryimage\"},\"thumbnailUrl\":\"https:\\\/\\\/turneel.com\\\/wp-content\\\/uploads\\\/2021\\\/05\\\/ilaan-turneel-peintre-ile-de-re.jpg\",\"datePublished\":\"2021-03-04T11:07:20+00:00\",\"dateModified\":\"2023-07-10T09:06:00+00:00\",\"description\":\"Artiste de l'\u00cele de R\u00e9, peintre de mer \u00e0 l'\u00cele de R\u00e9, l'oc\u00e9an, les bleus, la force de la mer, mati\u00e8re et couleurs\",\"breadcrumb\":{\"@id\":\"https:\\\/\\\/turneel.com\\\/#breadcrumb\"},\"inLanguage\":\"en-GB\",\"potentialAction\":[{\"@type\":\"ReadAction\",\"target\":[\"https:\\\/\\\/turneel.com\\\/\"]}]},{\"@type\":\"ImageObject\",\"inLanguage\":\"en-GB\",\"@id\":\"https:\\\/\\\/turneel.com\\\/#primaryimage\",\"url\":\"https:\\\/\\\/turneel.com\\\/wp-content\\\/uploads\\\/2021\\\/05\\\/ilaan-turneel-peintre-ile-de-re.jpg\",\"contentUrl\":\"https:\\\/\\\/turneel.com\\\/wp-content\\\/uploads\\\/2021\\\/05\\\/ilaan-turneel-peintre-ile-de-re.jpg\"},{\"@type\":\"BreadcrumbList\",\"@id\":\"https:\\\/\\\/turneel.com\\\/#breadcrumb\",\"itemListElement\":[{\"@type\":\"ListItem\",\"position\":1,\"name\":\"Accueil\",\"item\":\"https:\\\/\\\/turneel.com\\\/\"},{\"@type\":\"ListItem\",\"position\":2,\"name\":\"Accueil\"}]},{\"@type\":\"WebSite\",\"@id\":\"https:\\\/\\\/turneel.com\\\/#website\",\"url\":\"https:\\\/\\\/turneel.com\\\/\",\"name\":\"Ilaan Turneel\",\"description\":\"\",\"publisher\":{\"@id\":\"https:\\\/\\\/turneel.com\\\/#organization\"},\"potentialAction\":[{\"@type\":\"SearchAction\",\"target\":{\"@type\":\"EntryPoint\",\"urlTemplate\":\"https:\\\/\\\/turneel.com\\\/?s={search_term_string}\"},\"query-input\":{\"@type\":\"PropertyValueSpecification\",\"valueRequired\":true,\"valueName\":\"search_term_string\"}}],\"inLanguage\":\"en-GB\"},{\"@type\":\"Organization\",\"@id\":\"https:\\\/\\\/turneel.com\\\/#organization\",\"name\":\"Ilaan Turneel\",\"url\":\"https:\\\/\\\/turneel.com\\\/\",\"logo\":{\"@type\":\"ImageObject\",\"inLanguage\":\"en-GB\",\"@id\":\"https:\\\/\\\/turneel.com\\\/#\\\/schema\\\/logo\\\/image\\\/\",\"url\":\"https:\\\/\\\/turneel.com\\\/wp-content\\\/uploads\\\/2021\\\/08\\\/cropped-T-Turneel.png\",\"contentUrl\":\"https:\\\/\\\/turneel.com\\\/wp-content\\\/uploads\\\/2021\\\/08\\\/cropped-T-Turneel.png\",\"width\":900,\"height\":600,\"caption\":\"Ilaan Turneel\"},\"image\":{\"@id\":\"https:\\\/\\\/turneel.com\\\/#\\\/schema\\\/logo\\\/image\\\/\"}}]}<\/script>\n<!-- \/ Yoast SEO plugin. -->","yoast_head_json":{"title":"Ilaan Turneel - Artiste peintre de l'\u00cele de R\u00e9 - L'artiste du bleu","description":"Artiste de l'\u00cele de R\u00e9, peintre de mer \u00e0 l'\u00cele de R\u00e9, l'oc\u00e9an, les bleus, la force de la mer, mati\u00e8re et couleurs","robots":{"index":"index","follow":"follow","max-snippet":"max-snippet:-1","max-image-preview":"max-image-preview:large","max-video-preview":"max-video-preview:-1"},"canonical":"https:\/\/turneel.com\/en\/","og_locale":"en_GB","og_type":"article","og_title":"Ilaan Turneel - Artiste peintre de l'\u00cele de R\u00e9 - L'artiste du bleu","og_description":"Artiste de l'\u00cele de R\u00e9, peintre de mer \u00e0 l'\u00cele de R\u00e9, l'oc\u00e9an, les bleus, la force de la mer, mati\u00e8re et couleurs","og_url":"https:\/\/turneel.com\/en\/","og_site_name":"Ilaan Turneel","article_modified_time":"2023-07-10T09:06:00+00:00","og_image":[{"url":"https:\/\/turneel.com\/wp-content\/uploads\/2021\/05\/ilaan-turneel-peintre-ile-de-re.jpg","type":"","width":"","height":""}],"twitter_card":"summary_large_image","twitter_misc":{"Estimated reading time":"1 minute"},"schema":{"@context":"https:\/\/schema.org","@graph":[{"@type":"WebPage","@id":"https:\/\/turneel.com\/","url":"https:\/\/turneel.com\/","name":"Ilaan Turneel - Artiste peintre de l'\u00cele de R\u00e9 - L'artiste du bleu","isPartOf":{"@id":"https:\/\/turneel.com\/#website"},"primaryImageOfPage":{"@id":"https:\/\/turneel.com\/#primaryimage"},"image":{"@id":"https:\/\/turneel.com\/#primaryimage"},"thumbnailUrl":"https:\/\/turneel.com\/wp-content\/uploads\/2021\/05\/ilaan-turneel-peintre-ile-de-re.jpg","datePublished":"2021-03-04T11:07:20+00:00","dateModified":"2023-07-10T09:06:00+00:00","description":"Artiste de l'\u00cele de R\u00e9, peintre de mer \u00e0 l'\u00cele de R\u00e9, l'oc\u00e9an, les bleus, la force de la mer, mati\u00e8re et couleurs","breadcrumb":{"@id":"https:\/\/turneel.com\/#breadcrumb"},"inLanguage":"en-GB","potentialAction":[{"@type":"ReadAction","target":["https:\/\/turneel.com\/"]}]},{"@type":"ImageObject","inLanguage":"en-GB","@id":"https:\/\/turneel.com\/#primaryimage","url":"https:\/\/turneel.com\/wp-content\/uploads\/2021\/05\/ilaan-turneel-peintre-ile-de-re.jpg","contentUrl":"https:\/\/turneel.com\/wp-content\/uploads\/2021\/05\/ilaan-turneel-peintre-ile-de-re.jpg"},{"@type":"BreadcrumbList","@id":"https:\/\/turneel.com\/#breadcrumb","itemListElement":[{"@type":"ListItem","position":1,"name":"Accueil","item":"https:\/\/turneel.com\/"},{"@type":"ListItem","position":2,"name":"Accueil"}]},{"@type":"WebSite","@id":"https:\/\/turneel.com\/#website","url":"https:\/\/turneel.com\/","name":"Ilaan Turneel","description":"","publisher":{"@id":"https:\/\/turneel.com\/#organization"},"potentialAction":[{"@type":"SearchAction","target":{"@type":"EntryPoint","urlTemplate":"https:\/\/turneel.com\/?s={search_term_string}"},"query-input":{"@type":"PropertyValueSpecification","valueRequired":true,"valueName":"search_term_string"}}],"inLanguage":"en-GB"},{"@type":"Organization","@id":"https:\/\/turneel.com\/#organization","name":"Ilaan Turneel","url":"https:\/\/turneel.com\/","logo":{"@type":"ImageObject","inLanguage":"en-GB","@id":"https:\/\/turneel.com\/#\/schema\/logo\/image\/","url":"https:\/\/turneel.com\/wp-content\/uploads\/2021\/08\/cropped-T-Turneel.png","contentUrl":"https:\/\/turneel.com\/wp-content\/uploads\/2021\/08\/cropped-T-Turneel.png","width":900,"height":600,"caption":"Ilaan Turneel"},"image":{"@id":"https:\/\/turneel.com\/#\/schema\/logo\/image\/"}}]}},"_links":{"self":[{"href":"https:\/\/turneel.com\/en\/wp-json\/wp\/v2\/pages\/10","targetHints":{"allow":["GET"]}}],"collection":[{"href":"https:\/\/turneel.com\/en\/wp-json\/wp\/v2\/pages"}],"about":[{"href":"https:\/\/turneel.com\/en\/wp-json\/wp\/v2\/types\/page"}],"author":[{"embeddable":true,"href":"https:\/\/turneel.com\/en\/wp-json\/wp\/v2\/users\/1"}],"replies":[{"embeddable":true,"href":"https:\/\/turneel.com\/en\/wp-json\/wp\/v2\/comments?post=10"}],"version-history":[{"count":123,"href":"https:\/\/turneel.com\/en\/wp-json\/wp\/v2\/pages\/10\/revisions"}],"predecessor-version":[{"id":493,"href":"https:\/\/turneel.com\/en\/wp-json\/wp\/v2\/pages\/10\/revisions\/493"}],"wp:attachment":[{"href":"https:\/\/turneel.com\/en\/wp-json\/wp\/v2\/media?parent=10"}],"curies":[{"name":"wp","href":"https:\/\/api.w.org\/{rel}","templated":true}]}}