{"id":390,"date":"2021-05-03T14:59:20","date_gmt":"2021-05-03T14:59:20","guid":{"rendered":"https:\/\/turneel.com\/?page_id=390"},"modified":"2021-05-03T15:05:33","modified_gmt":"2021-05-03T15:05:33","slug":"mentions-legales","status":"publish","type":"page","link":"https:\/\/turneel.com\/en\/mentions-legales\/","title":{"rendered":"Mentions l\u00e9gales"},"content":{"rendered":"<div data-elementor-type=\"wp-page\" data-elementor-id=\"390\" class=\"elementor elementor-390\" data-elementor-post-type=\"page\">\n\t\t\t\t\t\t<section class=\"elementor-section elementor-top-section elementor-element elementor-element-cfeca15 elementor-section-boxed elementor-section-height-default elementor-section-height-default\" data-id=\"cfeca15\" data-element_type=\"section\" data-e-type=\"section\">\n\t\t\t\t\t\t<div class=\"elementor-container elementor-column-gap-default\">\n\t\t\t\t\t<div class=\"elementor-column elementor-col-100 elementor-top-column elementor-element elementor-element-6740a06\" data-id=\"6740a06\" data-element_type=\"column\" data-e-type=\"column\">\n\t\t\t<div class=\"elementor-widget-wrap elementor-element-populated\">\n\t\t\t\t\t\t<div class=\"elementor-element elementor-element-10f33b7 elementor-widget elementor-widget-heading\" data-id=\"10f33b7\" data-element_type=\"widget\" data-e-type=\"widget\" data-widget_type=\"heading.default\">\n\t\t\t\t<div class=\"elementor-widget-container\">\n\t\t\t\t\t<h2 class=\"elementor-heading-title elementor-size-default\">Mentions l\u00e9gales<\/h2>\t\t\t\t<\/div>\n\t\t\t\t<\/div>\n\t\t\t\t\t<\/div>\n\t\t<\/div>\n\t\t\t\t\t<\/div>\n\t\t<\/section>\n\t\t\t\t<section class=\"elementor-section elementor-top-section elementor-element elementor-element-e9b9d93 elementor-section-boxed elementor-section-height-default elementor-section-height-default\" data-id=\"e9b9d93\" data-element_type=\"section\" data-e-type=\"section\">\n\t\t\t\t\t\t<div class=\"elementor-container elementor-column-gap-default\">\n\t\t\t\t\t<div class=\"elementor-column elementor-col-100 elementor-top-column elementor-element elementor-element-8eb706e\" data-id=\"8eb706e\" data-element_type=\"column\" data-e-type=\"column\">\n\t\t\t<div class=\"elementor-widget-wrap elementor-element-populated\">\n\t\t\t\t\t\t<div class=\"elementor-element elementor-element-3622f0a elementor-widget elementor-widget-text-editor\" data-id=\"3622f0a\" data-element_type=\"widget\" data-e-type=\"widget\" data-widget_type=\"text-editor.default\">\n\t\t\t\t<div class=\"elementor-widget-container\">\n\t\t\t\t\t\t\t\t\t<p>Le site www.turneel.com est la propri\u00e9t\u00e9 de :<\/p><p>Maclaine,<\/p><p>40 rue de Notre Dame \u2013 17000 La Rochelle<\/p><p>Responsable de la r\u00e9daction : Ilaan Turneel<\/p><p>Ce site est h\u00e9berg\u00e9 chez :<\/p><p>OVH<\/p><p>SAS au capital de 10 000 000 \u20ac<\/p><p>RCS Roubaix \u2013 Tourcoing 424 761 419 00045<\/p><p>Code APE 6202A<\/p><p>N\u00b0 TVA : FR 22 424 761 419<\/p><p>Si\u00e8ge social : 2 rue Kellermann \u2013 59100 Roubaix \u2013 France.<\/p><p>Ce site a \u00e9t\u00e9 r\u00e9alis\u00e9 par : www.maclaine.fr<\/p><p><strong>Confidentialit\u00e9<\/strong><\/p><p>La soci\u00e9t\u00e9 Maclaine n\u2019enregistre pas d\u2019informations personnelles permettant l\u2019identification, \u00e0 l\u2019exception des formulaires que l\u2019utilisateur est libre de remplir. Ces informations ne seront pas utilis\u00e9es sans votre accord, nous les utiliserons seulement pour vous adresser des courriers, des brochures, des devis, une commande ou vous contacter.<\/p><p>Les informations recueillies sur ce site b\u00e9n\u00e9ficient de la protection de la Loi n\u00b0 78-17 du 6 janvier 1978, modifi\u00e9e et compl\u00e9t\u00e9e par la LOI n\u00b0 2018-493 du 20 juin 2018. Elles b\u00e9n\u00e9ficient d\u2019un droit d\u2019acc\u00e8s, de rectification, d\u2019opposition \u00e0 communication et de suppression sur simple demande \u00e0 Maclaine, 40, rue Notre Dame 17000 La Rochelle.<\/p><p>La soci\u00e9t\u00e9 Maclaine pourra proc\u00e9der \u00e0 des analyses statistiques sans que celles-ci soient nominatives et pourra en informer des tiers (organismes d\u2019\u00e9valuation de fr\u00e9quentation) sous une forme r\u00e9sum\u00e9e et non nominative.<\/p><p><strong>R\u00e8glement g\u00e9n\u00e9ral sur la protection des donn\u00e9es (RGPD)<\/strong><\/p><p>La soci\u00e9t\u00e9 Maclaine s\u2019engage \u00e0 ce que la collecte et le traitement de vos donn\u00e9es, effectu\u00e9s \u00e0 partir du site www.turneel.com, soient conformes au r\u00e8glement g\u00e9n\u00e9ral sur la protection des donn\u00e9es (RGPD). Chaque formulaire ou t\u00e9l\u00e9service limite la collecte des donn\u00e9es personnelles au strict n\u00e9cessaire (minimisation des donn\u00e9es) et indique notamment :<\/p><p>Quels sont les objectifs du recueil de ces donn\u00e9es,<br \/>Si ces donn\u00e9es sont obligatoires ou facultatives pour la gestion de votre demande,<br \/>Qui pourra en prendre connaissance (uniquement La soci\u00e9t\u00e9 Maclaine en principe, sauf pr\u00e9cision dans le formulaire lorsqu\u2019une transmission \u00e0 un tiers est n\u00e9cessaire \u00e0 la gestion de votre demande),<br \/>Les donn\u00e9es personnelles recueillies dans le cadre des services propos\u00e9s sur www.turneel.com sont trait\u00e9es selon des protocoles s\u00e9curis\u00e9s et permettent \u00e0 La soci\u00e9t\u00e9 Maclaine de g\u00e9rer les demandes re\u00e7ues dans ses applications informatiques.<\/p><p>Pour toute information ou exercice de vos droits Informatique et Libert\u00e9s sur les traitements de donn\u00e9es personnelles g\u00e9r\u00e9s par La soci\u00e9t\u00e9 Maclaine, vous pouvez contacter La soci\u00e9t\u00e9 Maclaine et \u00e9ventuellement son d\u00e9l\u00e9gu\u00e9 \u00e0 la protection des donn\u00e9es (DPO) via le formulaire de contact.<\/p><p><strong>Utilisation de cookies<\/strong><\/p><p>La gestion de certains outils d\u2019analyses du fonctionnement de ce site n\u00e9cessite l\u2019utilisation de cookies. Des informations non personnelles sont enregistr\u00e9es par ce syst\u00e8me de cookies (fichiers texte utilis\u00e9s pour reconna\u00eetre un utilisateur et ainsi faciliter son utilisation du site). Ceux-ci n\u2019ont aucune signification en dehors de leur utilisation sur le site www.turneel.com.<\/p><p><strong>Liens hypertexte<\/strong><\/p><p>La soci\u00e9t\u00e9 Maclaine ne contr\u00f4le pas les sites en connexion avec le sien, et ne saurait donc \u00eatre responsable de leur contenu. Les risques li\u00e9s \u00e0 l\u2019utilisation de ces sites incombent pleinement \u00e0 l\u2019utilisateur. Il se conformera \u00e0 leurs conditions d\u2019utilisation.<\/p><p><strong>Propri\u00e9t\u00e9 intellectuelle<\/strong><\/p><p>La structure g\u00e9n\u00e9rale, ainsi que les logiciels, textes, images anim\u00e9es ou non, son savoir faire et tous autres \u00e9l\u00e9ments composant le site, sont la propri\u00e9t\u00e9 exclusive de Maclaine. Toute repr\u00e9sentation totale ou partielle de ce site, par quelques proc\u00e9d\u00e9s que ce soit, sans l\u2019autorisation expresse de Maclaine est interdite et constituerait une contrefa\u00e7on sanctionn\u00e9e par les articles L 335-2 et suivants du Code de la Propri\u00e9t\u00e9 Intellectuelle.<\/p><p>Il en est de m\u00eame des bases de donn\u00e9es figurant sur le site WEB, et sont prot\u00e9g\u00e9es par les dispositions de la loi du 1er juillet 1998 portant transposition dans le Code de la Propri\u00e9t\u00e9 Intellectuelle de la Directive Europ\u00e9enne du 11 mars 1996 relative \u00e0 la protection juridique des bases de donn\u00e9es et dont Maclaine est producteur.<\/p><p>Les marques de Maclaine, ainsi que les logos figurant sur le site, sont des marques d\u00e9pos\u00e9es ou sont la propri\u00e9t\u00e9 de ses partenaires. Toute reproduction totale ou partielle de ces marques ou de ces logos, effectu\u00e9e \u00e0 partir des \u00e9l\u00e9ments du site, sans l\u2019autorisation expresse de Maclaine, est prohib\u00e9e au sens de l\u2019article L 713-2 du Code de la Propri\u00e9t\u00e9 Intellectuelle.<\/p>\t\t\t\t\t\t\t\t<\/div>\n\t\t\t\t<\/div>\n\t\t\t\t\t<\/div>\n\t\t<\/div>\n\t\t\t\t\t<\/div>\n\t\t<\/section>\n\t\t\t\t<\/div>","protected":false},"excerpt":{"rendered":"<p>Mentions l\u00e9gales Le site www.turneel.com est la propri\u00e9t\u00e9 de : Maclaine, 40 rue de Notre Dame \u2013 17000 La Rochelle Responsable de la r\u00e9daction : Ilaan Turneel Ce site est h\u00e9berg\u00e9 chez : OVH SAS au capital de 10 000 000 \u20ac RCS Roubaix \u2013 Tourcoing 424 761 419 00045 Code APE 6202A N\u00b0 TVA [&hellip;]<\/p>\n","protected":false},"author":1,"featured_media":0,"parent":0,"menu_order":0,"comment_status":"closed","ping_status":"closed","template":"","meta":{"_seopress_robots_primary_cat":"","_seopress_titles_title":"","_seopress_titles_desc":"","_seopress_robots_index":"","footnotes":""},"class_list":["post-390","page","type-page","status-publish","hentry","entry"],"yoast_head":"<!-- This site is optimized with the Yoast SEO plugin v27.4 - https:\/\/yoast.com\/product\/yoast-seo-wordpress\/ -->\n<title>Mentions l\u00e9gales - Ilaan Turneel<\/title>\n<meta name=\"description\" content=\"Lire les mentions l\u00e9gales du site d&#039;Ilaan Turneel\" \/>\n<meta name=\"robots\" content=\"index, follow, max-snippet:-1, max-image-preview:large, max-video-preview:-1\" \/>\n<link rel=\"canonical\" href=\"https:\/\/turneel.com\/en\/mentions-legales\/\" \/>\n<meta property=\"og:locale\" content=\"en_GB\" \/>\n<meta property=\"og:type\" content=\"article\" \/>\n<meta property=\"og:title\" content=\"Mentions l\u00e9gales - Ilaan Turneel\" \/>\n<meta property=\"og:description\" content=\"Lire les mentions l\u00e9gales du site d&#039;Ilaan Turneel\" \/>\n<meta property=\"og:url\" content=\"https:\/\/turneel.com\/en\/mentions-legales\/\" \/>\n<meta property=\"og:site_name\" content=\"Ilaan Turneel\" \/>\n<meta property=\"article:modified_time\" content=\"2021-05-03T15:05:33+00:00\" \/>\n<meta name=\"twitter:card\" content=\"summary_large_image\" \/>\n<meta name=\"twitter:label1\" content=\"Estimated reading time\" \/>\n\t<meta name=\"twitter:data1\" content=\"3 minutes\" \/>\n<script type=\"application\/ld+json\" class=\"yoast-schema-graph\">{\"@context\":\"https:\\\/\\\/schema.org\",\"@graph\":[{\"@type\":\"WebPage\",\"@id\":\"https:\\\/\\\/turneel.com\\\/mentions-legales\\\/\",\"url\":\"https:\\\/\\\/turneel.com\\\/mentions-legales\\\/\",\"name\":\"Mentions l\u00e9gales - Ilaan Turneel\",\"isPartOf\":{\"@id\":\"https:\\\/\\\/turneel.com\\\/#website\"},\"datePublished\":\"2021-05-03T14:59:20+00:00\",\"dateModified\":\"2021-05-03T15:05:33+00:00\",\"description\":\"Lire les mentions l\u00e9gales du site d'Ilaan Turneel\",\"breadcrumb\":{\"@id\":\"https:\\\/\\\/turneel.com\\\/mentions-legales\\\/#breadcrumb\"},\"inLanguage\":\"en-GB\",\"potentialAction\":[{\"@type\":\"ReadAction\",\"target\":[\"https:\\\/\\\/turneel.com\\\/mentions-legales\\\/\"]}]},{\"@type\":\"BreadcrumbList\",\"@id\":\"https:\\\/\\\/turneel.com\\\/mentions-legales\\\/#breadcrumb\",\"itemListElement\":[{\"@type\":\"ListItem\",\"position\":1,\"name\":\"Accueil\",\"item\":\"https:\\\/\\\/turneel.com\\\/\"},{\"@type\":\"ListItem\",\"position\":2,\"name\":\"Mentions l\u00e9gales\"}]},{\"@type\":\"WebSite\",\"@id\":\"https:\\\/\\\/turneel.com\\\/#website\",\"url\":\"https:\\\/\\\/turneel.com\\\/\",\"name\":\"Ilaan Turneel\",\"description\":\"\",\"publisher\":{\"@id\":\"https:\\\/\\\/turneel.com\\\/#organization\"},\"potentialAction\":[{\"@type\":\"SearchAction\",\"target\":{\"@type\":\"EntryPoint\",\"urlTemplate\":\"https:\\\/\\\/turneel.com\\\/?s={search_term_string}\"},\"query-input\":{\"@type\":\"PropertyValueSpecification\",\"valueRequired\":true,\"valueName\":\"search_term_string\"}}],\"inLanguage\":\"en-GB\"},{\"@type\":\"Organization\",\"@id\":\"https:\\\/\\\/turneel.com\\\/#organization\",\"name\":\"Ilaan Turneel\",\"url\":\"https:\\\/\\\/turneel.com\\\/\",\"logo\":{\"@type\":\"ImageObject\",\"inLanguage\":\"en-GB\",\"@id\":\"https:\\\/\\\/turneel.com\\\/#\\\/schema\\\/logo\\\/image\\\/\",\"url\":\"https:\\\/\\\/turneel.com\\\/wp-content\\\/uploads\\\/2021\\\/08\\\/cropped-T-Turneel.png\",\"contentUrl\":\"https:\\\/\\\/turneel.com\\\/wp-content\\\/uploads\\\/2021\\\/08\\\/cropped-T-Turneel.png\",\"width\":900,\"height\":600,\"caption\":\"Ilaan Turneel\"},\"image\":{\"@id\":\"https:\\\/\\\/turneel.com\\\/#\\\/schema\\\/logo\\\/image\\\/\"}}]}<\/script>\n<!-- \/ Yoast SEO plugin. -->","yoast_head_json":{"title":"Mentions l\u00e9gales - Ilaan Turneel","description":"Lire les mentions l\u00e9gales du site d'Ilaan Turneel","robots":{"index":"index","follow":"follow","max-snippet":"max-snippet:-1","max-image-preview":"max-image-preview:large","max-video-preview":"max-video-preview:-1"},"canonical":"https:\/\/turneel.com\/en\/mentions-legales\/","og_locale":"en_GB","og_type":"article","og_title":"Mentions l\u00e9gales - Ilaan Turneel","og_description":"Lire les mentions l\u00e9gales du site d'Ilaan Turneel","og_url":"https:\/\/turneel.com\/en\/mentions-legales\/","og_site_name":"Ilaan Turneel","article_modified_time":"2021-05-03T15:05:33+00:00","twitter_card":"summary_large_image","twitter_misc":{"Estimated reading time":"3 minutes"},"schema":{"@context":"https:\/\/schema.org","@graph":[{"@type":"WebPage","@id":"https:\/\/turneel.com\/mentions-legales\/","url":"https:\/\/turneel.com\/mentions-legales\/","name":"Mentions l\u00e9gales - Ilaan Turneel","isPartOf":{"@id":"https:\/\/turneel.com\/#website"},"datePublished":"2021-05-03T14:59:20+00:00","dateModified":"2021-05-03T15:05:33+00:00","description":"Lire les mentions l\u00e9gales du site d'Ilaan Turneel","breadcrumb":{"@id":"https:\/\/turneel.com\/mentions-legales\/#breadcrumb"},"inLanguage":"en-GB","potentialAction":[{"@type":"ReadAction","target":["https:\/\/turneel.com\/mentions-legales\/"]}]},{"@type":"BreadcrumbList","@id":"https:\/\/turneel.com\/mentions-legales\/#breadcrumb","itemListElement":[{"@type":"ListItem","position":1,"name":"Accueil","item":"https:\/\/turneel.com\/"},{"@type":"ListItem","position":2,"name":"Mentions l\u00e9gales"}]},{"@type":"WebSite","@id":"https:\/\/turneel.com\/#website","url":"https:\/\/turneel.com\/","name":"Ilaan Turneel","description":"","publisher":{"@id":"https:\/\/turneel.com\/#organization"},"potentialAction":[{"@type":"SearchAction","target":{"@type":"EntryPoint","urlTemplate":"https:\/\/turneel.com\/?s={search_term_string}"},"query-input":{"@type":"PropertyValueSpecification","valueRequired":true,"valueName":"search_term_string"}}],"inLanguage":"en-GB"},{"@type":"Organization","@id":"https:\/\/turneel.com\/#organization","name":"Ilaan Turneel","url":"https:\/\/turneel.com\/","logo":{"@type":"ImageObject","inLanguage":"en-GB","@id":"https:\/\/turneel.com\/#\/schema\/logo\/image\/","url":"https:\/\/turneel.com\/wp-content\/uploads\/2021\/08\/cropped-T-Turneel.png","contentUrl":"https:\/\/turneel.com\/wp-content\/uploads\/2021\/08\/cropped-T-Turneel.png","width":900,"height":600,"caption":"Ilaan Turneel"},"image":{"@id":"https:\/\/turneel.com\/#\/schema\/logo\/image\/"}}]}},"_links":{"self":[{"href":"https:\/\/turneel.com\/en\/wp-json\/wp\/v2\/pages\/390","targetHints":{"allow":["GET"]}}],"collection":[{"href":"https:\/\/turneel.com\/en\/wp-json\/wp\/v2\/pages"}],"about":[{"href":"https:\/\/turneel.com\/en\/wp-json\/wp\/v2\/types\/page"}],"author":[{"embeddable":true,"href":"https:\/\/turneel.com\/en\/wp-json\/wp\/v2\/users\/1"}],"replies":[{"embeddable":true,"href":"https:\/\/turneel.com\/en\/wp-json\/wp\/v2\/comments?post=390"}],"version-history":[{"count":7,"href":"https:\/\/turneel.com\/en\/wp-json\/wp\/v2\/pages\/390\/revisions"}],"predecessor-version":[{"id":397,"href":"https:\/\/turneel.com\/en\/wp-json\/wp\/v2\/pages\/390\/revisions\/397"}],"wp:attachment":[{"href":"https:\/\/turneel.com\/en\/wp-json\/wp\/v2\/media?parent=390"}],"curies":[{"name":"wp","href":"https:\/\/api.w.org\/{rel}","templated":true}]}}