{"id":398,"date":"2021-05-03T15:08:43","date_gmt":"2021-05-03T15:08:43","guid":{"rendered":"https:\/\/turneel.com\/?page_id=398"},"modified":"2021-05-03T15:11:55","modified_gmt":"2021-05-03T15:11:55","slug":"politique-de-confidentialite","status":"publish","type":"page","link":"https:\/\/turneel.com\/en\/politique-de-confidentialite\/","title":{"rendered":"Politique de confidentialit\u00e9"},"content":{"rendered":"<div data-elementor-type=\"wp-page\" data-elementor-id=\"398\" class=\"elementor elementor-398\" data-elementor-post-type=\"page\">\n\t\t\t\t\t\t<section class=\"elementor-section elementor-top-section elementor-element elementor-element-d909daf elementor-section-boxed elementor-section-height-default elementor-section-height-default\" data-id=\"d909daf\" data-element_type=\"section\" data-e-type=\"section\">\n\t\t\t\t\t\t<div class=\"elementor-container elementor-column-gap-default\">\n\t\t\t\t\t<div class=\"elementor-column elementor-col-100 elementor-top-column elementor-element elementor-element-57a0966\" data-id=\"57a0966\" data-element_type=\"column\" data-e-type=\"column\">\n\t\t\t<div class=\"elementor-widget-wrap elementor-element-populated\">\n\t\t\t\t\t\t<div class=\"elementor-element elementor-element-5b373da elementor-widget elementor-widget-heading\" data-id=\"5b373da\" data-element_type=\"widget\" data-e-type=\"widget\" data-widget_type=\"heading.default\">\n\t\t\t\t<div class=\"elementor-widget-container\">\n\t\t\t\t\t<h2 class=\"elementor-heading-title elementor-size-default\">Politique de confidentialit\u00e9<\/h2>\t\t\t\t<\/div>\n\t\t\t\t<\/div>\n\t\t\t\t\t<\/div>\n\t\t<\/div>\n\t\t\t\t\t<\/div>\n\t\t<\/section>\n\t\t\t\t<section class=\"elementor-section elementor-top-section elementor-element elementor-element-5f7b74a elementor-section-boxed elementor-section-height-default elementor-section-height-default\" data-id=\"5f7b74a\" data-element_type=\"section\" data-e-type=\"section\">\n\t\t\t\t\t\t<div class=\"elementor-container elementor-column-gap-default\">\n\t\t\t\t\t<div class=\"elementor-column elementor-col-100 elementor-top-column elementor-element elementor-element-d69cc5a\" data-id=\"d69cc5a\" data-element_type=\"column\" data-e-type=\"column\">\n\t\t\t<div class=\"elementor-widget-wrap elementor-element-populated\">\n\t\t\t\t\t\t<div class=\"elementor-element elementor-element-604bcbd elementor-widget elementor-widget-text-editor\" data-id=\"604bcbd\" data-element_type=\"widget\" data-e-type=\"widget\" data-widget_type=\"text-editor.default\">\n\t\t\t\t<div class=\"elementor-widget-container\">\n\t\t\t\t\t\t\t\t\t<p>Qui sommes-nous ?<\/p><p>Ilaan Turneel est un artiste situ\u00e9 \u00e0 La Rochelle en Charente Maritime 17.<\/p><p>L\u2019adresse de son site Web est : https:\/\/turneel.com<\/p><p><strong>Utilisation des donn\u00e9es personnelles collect\u00e9es<\/strong><\/p><p><strong>Formulaires de contact<\/strong><\/p><p>Vos renseignements personnels sont collect\u00e9s par le biais de formulaire, \u00e0 savoir :<\/p><p><strong>Formulaire de contact<\/strong><br \/>Nous r\u00e9cup\u00e9rons les donn\u00e9es suivantes :<\/p><p>E-mail<br \/>Adresse IP<br \/>Name<br \/>Surname<br \/>T\u00e9l\u00e9phone<br \/>Nous utilisons les renseignements ainsi collect\u00e9s pour les finalit\u00e9s suivantes :<\/p><p>D\u00e9marche commerciale<br \/>Campagne d\u2019e-mailings<br \/>Vos renseignements sont \u00e9galement collect\u00e9s par le biais de l\u2019interactivit\u00e9 pouvant s\u2019\u00e9tablir entre vous et notre site Web et ce, de la fa\u00e7on suivante:<\/p><p><strong>Statistiques<\/strong><br \/><strong>Contact<\/strong><br \/><strong>Cookies<\/strong><\/p><p>Si vous vous rendez sur la page de connexion, un cookie temporaire sera cr\u00e9\u00e9 afin de d\u00e9terminer si votre navigateur accepte les cookies. Il ne contient pas de donn\u00e9es personnelles et sera supprim\u00e9 automatiquement \u00e0 la fermeture de votre navigateur.<\/p><p>Lorsque vous vous connecterez, nous mettrons en place un certain nombre de cookies pour enregistrer vos informations de connexion et vos pr\u00e9f\u00e9rences d\u2019\u00e9cran. La dur\u00e9e de vie d\u2019un cookie de connexion est de deux jours, celle d\u2019un cookie d\u2019option d\u2019\u00e9cran est d\u2019un an. Si vous cochez \u00ab Se souvenir de moi \u00bb, votre cookie de connexion sera conserv\u00e9 pendant deux semaines. Si vous vous d\u00e9connectez de votre compte, le cookie de connexion sera effac\u00e9.<\/p><p>En modifiant ou en publiant une publication, un cookie suppl\u00e9mentaire sera enregistr\u00e9 dans votre navigateur. Ce cookie ne comprend aucune donn\u00e9e personnelle. Il indique simplement l\u2019ID de la publication que vous venez de modifier. Il expire au bout d\u2019un jour.<\/p><p><strong>Contenu embarqu\u00e9 depuis d\u2019autres sites<\/strong><\/p><p>Les articles de ce site peuvent inclure des contenus int\u00e9gr\u00e9s (par exemple des vid\u00e9os, images, articles\u2026). Le contenu int\u00e9gr\u00e9 depuis d\u2019autres sites se comporte de la m\u00eame mani\u00e8re que si le visiteur se rendait sur cet autre site.<\/p><p>Ces sites web pourraient collecter des donn\u00e9es sur vous, utiliser des cookies, embarquer des outils de suivis tiers, suivre vos interactions avec ces contenus embarqu\u00e9s si vous disposez d\u2019un compte connect\u00e9 sur leur site web.<\/p><p><strong>Statistiques et mesures d\u2019audience<\/strong><\/p><p>Nous utilisons des cookies afin de calculer l\u2019audience et les statistiques de fr\u00e9quentation de ce site gr\u00e2ce \u00e0 l\u2019outil Google Analytics.<\/p><p><strong>Utilisation et transmission de vos donn\u00e9es personnelles<\/strong><\/p><p>Nous utilisons vos donn\u00e9es aux seules fins de r\u00e9pondre \u00e0 vos interrogations ou vous faire parvenir des informations sur notre actualit\u00e9s, uniquement si vous en avez \u00e9mis le d\u00e9sir.<\/p><p><strong>Dur\u00e9es de stockage de vos donn\u00e9es<\/strong><\/p><p>Si vous utilisez le formulaire de contact de ce site, vos donn\u00e9es seront conserv\u00e9es 3 ans, puis seront automatiquement d\u00e9truites.<\/p><p><strong>Les droits que vous avez sur vos donn\u00e9es<\/strong><\/p><p>Si vous avez utilis\u00e9 le formulaire de contact de ce site, vous pouvez demander \u00e0 recevoir un fichier contenant toutes les donn\u00e9es personnelles que nous poss\u00e9dons \u00e0 votre sujet, incluant celles que vous nous avez fournies. Vous pouvez \u00e9galement demander la suppression des donn\u00e9es personnelles vous concernant. Cela ne prend pas en compte les donn\u00e9es stock\u00e9es \u00e0 des fins administratives, l\u00e9gales ou pour des raisons de s\u00e9curit\u00e9.<\/p><p><strong>Informations de contact<\/strong><\/p><p>Si vous souhaitez avoir acc\u00e8s \u00e0 vos donn\u00e9es personnels ou faire valoir votre droit \u00e0 suppression de ces donn\u00e9es. Vous pouvez vous adresser \u00e0 notre DPO (D\u00e9l\u00e9gu\u00e9 \u00e0 la protection des donn\u00e9es) via notre formulaire de contact.<\/p><p><strong>Informations suppl\u00e9mentaires<\/strong><\/p><p>Comment nous prot\u00e9geons vos donn\u00e9es<\/p><p>Vos donn\u00e9es sont stock\u00e9es sur les serveurs que nous louons \u00e0 la soci\u00e9t\u00e9 OVH, dont le si\u00e8ge social est situ\u00e9 : 2, rue Kellermann \u2013 59100 Roubaix \u2013 France<\/p><p>Proc\u00e9dures mises en \u0153uvre en cas de fuite de donn\u00e9es<\/p><p>Dans un cas \u00e9ventuel de fuite des donn\u00e9es que nous aurions collect\u00e9es, nous en informerions la CNIL (Commission nationale de l\u2019informatique et des libert\u00e9s) dans un d\u00e9lai maximum de 48 heures.<\/p>\t\t\t\t\t\t\t\t<\/div>\n\t\t\t\t<\/div>\n\t\t\t\t\t<\/div>\n\t\t<\/div>\n\t\t\t\t\t<\/div>\n\t\t<\/section>\n\t\t\t\t<\/div>","protected":false},"excerpt":{"rendered":"<p>Politique de confidentialit\u00e9 Qui sommes-nous ? Ilaan Turneel est un artiste situ\u00e9 \u00e0 La Rochelle en Charente Maritime 17. L\u2019adresse de son site Web est : https:\/\/turneel.com Utilisation des donn\u00e9es personnelles collect\u00e9es Formulaires de contact Vos renseignements personnels sont collect\u00e9s par le biais de formulaire, \u00e0 savoir : Formulaire de contactNous r\u00e9cup\u00e9rons les donn\u00e9es suivantes [&hellip;]<\/p>\n","protected":false},"author":1,"featured_media":0,"parent":0,"menu_order":0,"comment_status":"closed","ping_status":"closed","template":"","meta":{"_seopress_robots_primary_cat":"","_seopress_titles_title":"","_seopress_titles_desc":"","_seopress_robots_index":"","footnotes":""},"class_list":["post-398","page","type-page","status-publish","hentry","entry"],"yoast_head":"<!-- This site is optimized with the Yoast SEO plugin v27.3 - https:\/\/yoast.com\/product\/yoast-seo-wordpress\/ -->\n<title>Politique de confidentialit\u00e9 - Ilaan Turneel<\/title>\n<meta name=\"description\" content=\"Lire la politique de confidentialit\u00e9 d&#039;Ilaan Turneel\" \/>\n<meta name=\"robots\" content=\"index, follow, max-snippet:-1, max-image-preview:large, max-video-preview:-1\" \/>\n<link rel=\"canonical\" href=\"https:\/\/turneel.com\/en\/politique-de-confidentialite\/\" \/>\n<meta property=\"og:locale\" content=\"en_GB\" \/>\n<meta property=\"og:type\" content=\"article\" \/>\n<meta property=\"og:title\" content=\"Politique de confidentialit\u00e9 - Ilaan Turneel\" \/>\n<meta property=\"og:description\" content=\"Lire la politique de confidentialit\u00e9 d&#039;Ilaan Turneel\" \/>\n<meta property=\"og:url\" content=\"https:\/\/turneel.com\/en\/politique-de-confidentialite\/\" \/>\n<meta property=\"og:site_name\" content=\"Ilaan Turneel\" \/>\n<meta property=\"article:modified_time\" content=\"2021-05-03T15:11:55+00:00\" \/>\n<meta name=\"twitter:card\" content=\"summary_large_image\" \/>\n<meta name=\"twitter:label1\" content=\"Estimated reading time\" \/>\n\t<meta name=\"twitter:data1\" content=\"3 minutes\" \/>\n<script type=\"application\/ld+json\" class=\"yoast-schema-graph\">{\"@context\":\"https:\\\/\\\/schema.org\",\"@graph\":[{\"@type\":\"WebPage\",\"@id\":\"https:\\\/\\\/turneel.com\\\/politique-de-confidentialite\\\/\",\"url\":\"https:\\\/\\\/turneel.com\\\/politique-de-confidentialite\\\/\",\"name\":\"Politique de confidentialit\u00e9 - Ilaan Turneel\",\"isPartOf\":{\"@id\":\"https:\\\/\\\/turneel.com\\\/#website\"},\"datePublished\":\"2021-05-03T15:08:43+00:00\",\"dateModified\":\"2021-05-03T15:11:55+00:00\",\"description\":\"Lire la politique de confidentialit\u00e9 d'Ilaan Turneel\",\"breadcrumb\":{\"@id\":\"https:\\\/\\\/turneel.com\\\/politique-de-confidentialite\\\/#breadcrumb\"},\"inLanguage\":\"en-GB\",\"potentialAction\":[{\"@type\":\"ReadAction\",\"target\":[\"https:\\\/\\\/turneel.com\\\/politique-de-confidentialite\\\/\"]}]},{\"@type\":\"BreadcrumbList\",\"@id\":\"https:\\\/\\\/turneel.com\\\/politique-de-confidentialite\\\/#breadcrumb\",\"itemListElement\":[{\"@type\":\"ListItem\",\"position\":1,\"name\":\"Accueil\",\"item\":\"https:\\\/\\\/turneel.com\\\/\"},{\"@type\":\"ListItem\",\"position\":2,\"name\":\"Politique de confidentialit\u00e9\"}]},{\"@type\":\"WebSite\",\"@id\":\"https:\\\/\\\/turneel.com\\\/#website\",\"url\":\"https:\\\/\\\/turneel.com\\\/\",\"name\":\"Ilaan Turneel\",\"description\":\"\",\"publisher\":{\"@id\":\"https:\\\/\\\/turneel.com\\\/#organization\"},\"potentialAction\":[{\"@type\":\"SearchAction\",\"target\":{\"@type\":\"EntryPoint\",\"urlTemplate\":\"https:\\\/\\\/turneel.com\\\/?s={search_term_string}\"},\"query-input\":{\"@type\":\"PropertyValueSpecification\",\"valueRequired\":true,\"valueName\":\"search_term_string\"}}],\"inLanguage\":\"en-GB\"},{\"@type\":\"Organization\",\"@id\":\"https:\\\/\\\/turneel.com\\\/#organization\",\"name\":\"Ilaan Turneel\",\"url\":\"https:\\\/\\\/turneel.com\\\/\",\"logo\":{\"@type\":\"ImageObject\",\"inLanguage\":\"en-GB\",\"@id\":\"https:\\\/\\\/turneel.com\\\/#\\\/schema\\\/logo\\\/image\\\/\",\"url\":\"https:\\\/\\\/turneel.com\\\/wp-content\\\/uploads\\\/2021\\\/08\\\/cropped-T-Turneel.png\",\"contentUrl\":\"https:\\\/\\\/turneel.com\\\/wp-content\\\/uploads\\\/2021\\\/08\\\/cropped-T-Turneel.png\",\"width\":900,\"height\":600,\"caption\":\"Ilaan Turneel\"},\"image\":{\"@id\":\"https:\\\/\\\/turneel.com\\\/#\\\/schema\\\/logo\\\/image\\\/\"}}]}<\/script>\n<!-- \/ Yoast SEO plugin. -->","yoast_head_json":{"title":"Politique de confidentialit\u00e9 - Ilaan Turneel","description":"Lire la politique de confidentialit\u00e9 d'Ilaan Turneel","robots":{"index":"index","follow":"follow","max-snippet":"max-snippet:-1","max-image-preview":"max-image-preview:large","max-video-preview":"max-video-preview:-1"},"canonical":"https:\/\/turneel.com\/en\/politique-de-confidentialite\/","og_locale":"en_GB","og_type":"article","og_title":"Politique de confidentialit\u00e9 - Ilaan Turneel","og_description":"Lire la politique de confidentialit\u00e9 d'Ilaan Turneel","og_url":"https:\/\/turneel.com\/en\/politique-de-confidentialite\/","og_site_name":"Ilaan Turneel","article_modified_time":"2021-05-03T15:11:55+00:00","twitter_card":"summary_large_image","twitter_misc":{"Estimated reading time":"3 minutes"},"schema":{"@context":"https:\/\/schema.org","@graph":[{"@type":"WebPage","@id":"https:\/\/turneel.com\/politique-de-confidentialite\/","url":"https:\/\/turneel.com\/politique-de-confidentialite\/","name":"Politique de confidentialit\u00e9 - Ilaan Turneel","isPartOf":{"@id":"https:\/\/turneel.com\/#website"},"datePublished":"2021-05-03T15:08:43+00:00","dateModified":"2021-05-03T15:11:55+00:00","description":"Lire la politique de confidentialit\u00e9 d'Ilaan Turneel","breadcrumb":{"@id":"https:\/\/turneel.com\/politique-de-confidentialite\/#breadcrumb"},"inLanguage":"en-GB","potentialAction":[{"@type":"ReadAction","target":["https:\/\/turneel.com\/politique-de-confidentialite\/"]}]},{"@type":"BreadcrumbList","@id":"https:\/\/turneel.com\/politique-de-confidentialite\/#breadcrumb","itemListElement":[{"@type":"ListItem","position":1,"name":"Accueil","item":"https:\/\/turneel.com\/"},{"@type":"ListItem","position":2,"name":"Politique de confidentialit\u00e9"}]},{"@type":"WebSite","@id":"https:\/\/turneel.com\/#website","url":"https:\/\/turneel.com\/","name":"Ilaan Turneel","description":"","publisher":{"@id":"https:\/\/turneel.com\/#organization"},"potentialAction":[{"@type":"SearchAction","target":{"@type":"EntryPoint","urlTemplate":"https:\/\/turneel.com\/?s={search_term_string}"},"query-input":{"@type":"PropertyValueSpecification","valueRequired":true,"valueName":"search_term_string"}}],"inLanguage":"en-GB"},{"@type":"Organization","@id":"https:\/\/turneel.com\/#organization","name":"Ilaan Turneel","url":"https:\/\/turneel.com\/","logo":{"@type":"ImageObject","inLanguage":"en-GB","@id":"https:\/\/turneel.com\/#\/schema\/logo\/image\/","url":"https:\/\/turneel.com\/wp-content\/uploads\/2021\/08\/cropped-T-Turneel.png","contentUrl":"https:\/\/turneel.com\/wp-content\/uploads\/2021\/08\/cropped-T-Turneel.png","width":900,"height":600,"caption":"Ilaan Turneel"},"image":{"@id":"https:\/\/turneel.com\/#\/schema\/logo\/image\/"}}]}},"_links":{"self":[{"href":"https:\/\/turneel.com\/en\/wp-json\/wp\/v2\/pages\/398","targetHints":{"allow":["GET"]}}],"collection":[{"href":"https:\/\/turneel.com\/en\/wp-json\/wp\/v2\/pages"}],"about":[{"href":"https:\/\/turneel.com\/en\/wp-json\/wp\/v2\/types\/page"}],"author":[{"embeddable":true,"href":"https:\/\/turneel.com\/en\/wp-json\/wp\/v2\/users\/1"}],"replies":[{"embeddable":true,"href":"https:\/\/turneel.com\/en\/wp-json\/wp\/v2\/comments?post=398"}],"version-history":[{"count":4,"href":"https:\/\/turneel.com\/en\/wp-json\/wp\/v2\/pages\/398\/revisions"}],"predecessor-version":[{"id":402,"href":"https:\/\/turneel.com\/en\/wp-json\/wp\/v2\/pages\/398\/revisions\/402"}],"wp:attachment":[{"href":"https:\/\/turneel.com\/en\/wp-json\/wp\/v2\/media?parent=398"}],"curies":[{"name":"wp","href":"https:\/\/api.w.org\/{rel}","templated":true}]}}