{"id":454,"date":"2023-07-02T11:01:59","date_gmt":"2023-07-02T11:01:59","guid":{"rendered":"https:\/\/turneel.com\/?post_type=product&#038;p=454"},"modified":"2023-07-10T10:01:25","modified_gmt":"2023-07-10T10:01:25","slug":"bleus-d-ocean-peintre-ile-de-re-ilaan-turneel","status":"publish","type":"product","link":"https:\/\/turneel.com\/en\/artwork\/bleus-d-ocean-peintre-ile-de-re-ilaan-turneel\/","title":{"rendered":"Bleus d&rsquo;Oc\u00e9an"},"content":{"rendered":"<p>Acrylique sur toile &#8211; 88,50 x 115 cm.<\/p>\n<p>&nbsp;<\/p>","protected":false},"excerpt":{"rendered":"<p>Acrylique sur toile &#8211; 88,50 x 115 cm. &nbsp;<\/p>","protected":false},"featured_media":455,"template":"","meta":{"_seopress_robots_primary_cat":"none","_seopress_titles_title":"","_seopress_titles_desc":"","_seopress_robots_index":""},"product_brand":[],"product_cat":[24],"product_tag":[],"class_list":{"0":"post-454","1":"product","2":"type-product","3":"status-publish","4":"has-post-thumbnail","6":"product_cat-grand-format","7":"product_shipping_class-grand-format","8":"entry","9":"has-media","11":"first","12":"outofstock","13":"sold-individually","14":"taxable","15":"shipping-taxable","16":"purchasable","17":"product-type-simple"},"yoast_head":"<!-- This site is optimized with the Yoast SEO plugin v27.3 - https:\/\/yoast.com\/product\/yoast-seo-wordpress\/ -->\n<title>Bleus d&#039;Oc\u00e9an - Peintre \u00cele de R\u00e9 - Ilaan Turneel<\/title>\n<meta name=\"description\" content=\"Peinture de bleus d&#039;oc\u00e9an \u00e0 l&#039;\u00cele de R\u00e9, peinture r\u00e9alis\u00e9e par le peintre Ilaan Turneel le sp\u00e9cialiste de la peinture de mer\" \/>\n<meta name=\"robots\" content=\"index, follow, max-snippet:-1, max-image-preview:large, max-video-preview:-1\" \/>\n<link rel=\"canonical\" href=\"https:\/\/turneel.com\/en\/artwork\/bleus-d-ocean-peintre-ile-de-re-ilaan-turneel\/\" \/>\n<meta property=\"og:locale\" content=\"en_GB\" \/>\n<meta property=\"og:type\" content=\"article\" \/>\n<meta property=\"og:title\" content=\"Bleus d&#039;Oc\u00e9an - Peintre \u00cele de R\u00e9 - Ilaan Turneel\" \/>\n<meta property=\"og:description\" content=\"Peinture de bleus d&#039;oc\u00e9an \u00e0 l&#039;\u00cele de R\u00e9, peinture r\u00e9alis\u00e9e par le peintre Ilaan Turneel le sp\u00e9cialiste de la peinture de mer\" \/>\n<meta property=\"og:url\" content=\"https:\/\/turneel.com\/en\/artwork\/bleus-d-ocean-peintre-ile-de-re-ilaan-turneel\/\" \/>\n<meta property=\"og:site_name\" content=\"Ilaan Turneel\" \/>\n<meta property=\"article:modified_time\" content=\"2023-07-10T10:01:25+00:00\" \/>\n<meta property=\"og:image\" content=\"https:\/\/turneel.com\/wp-content\/uploads\/2023\/07\/monstre-marin-peinture-mer-ile-de-re-ilaan-turneel.jpg\" \/>\n\t<meta property=\"og:image:width\" content=\"1500\" \/>\n\t<meta property=\"og:image:height\" content=\"1968\" \/>\n\t<meta property=\"og:image:type\" content=\"image\/jpeg\" \/>\n<meta name=\"twitter:card\" content=\"summary_large_image\" \/>\n<meta name=\"twitter:label1\" content=\"Estimated reading time\" \/>\n\t<meta name=\"twitter:data1\" content=\"1 minute\" \/>\n<script type=\"application\/ld+json\" class=\"yoast-schema-graph\">{\"@context\":\"https:\\\/\\\/schema.org\",\"@graph\":[{\"@type\":\"WebPage\",\"@id\":\"https:\\\/\\\/turneel.com\\\/artwork\\\/bleus-d-ocean-peintre-ile-de-re-ilaan-turneel\\\/\",\"url\":\"https:\\\/\\\/turneel.com\\\/artwork\\\/bleus-d-ocean-peintre-ile-de-re-ilaan-turneel\\\/\",\"name\":\"Bleus d'Oc\u00e9an - Peintre \u00cele de R\u00e9 - Ilaan Turneel\",\"isPartOf\":{\"@id\":\"https:\\\/\\\/turneel.com\\\/#website\"},\"primaryImageOfPage\":{\"@id\":\"https:\\\/\\\/turneel.com\\\/artwork\\\/bleus-d-ocean-peintre-ile-de-re-ilaan-turneel\\\/#primaryimage\"},\"image\":{\"@id\":\"https:\\\/\\\/turneel.com\\\/artwork\\\/bleus-d-ocean-peintre-ile-de-re-ilaan-turneel\\\/#primaryimage\"},\"thumbnailUrl\":\"https:\\\/\\\/turneel.com\\\/wp-content\\\/uploads\\\/2023\\\/07\\\/monstre-marin-peinture-mer-ile-de-re-ilaan-turneel.jpg\",\"datePublished\":\"2023-07-02T11:01:59+00:00\",\"dateModified\":\"2023-07-10T10:01:25+00:00\",\"description\":\"Peinture de bleus d'oc\u00e9an \u00e0 l'\u00cele de R\u00e9, peinture r\u00e9alis\u00e9e par le peintre Ilaan Turneel le sp\u00e9cialiste de la peinture de mer\",\"breadcrumb\":{\"@id\":\"https:\\\/\\\/turneel.com\\\/artwork\\\/bleus-d-ocean-peintre-ile-de-re-ilaan-turneel\\\/#breadcrumb\"},\"inLanguage\":\"en-GB\",\"potentialAction\":[{\"@type\":\"ReadAction\",\"target\":[\"https:\\\/\\\/turneel.com\\\/artwork\\\/bleus-d-ocean-peintre-ile-de-re-ilaan-turneel\\\/\"]}]},{\"@type\":\"ImageObject\",\"inLanguage\":\"en-GB\",\"@id\":\"https:\\\/\\\/turneel.com\\\/artwork\\\/bleus-d-ocean-peintre-ile-de-re-ilaan-turneel\\\/#primaryimage\",\"url\":\"https:\\\/\\\/turneel.com\\\/wp-content\\\/uploads\\\/2023\\\/07\\\/monstre-marin-peinture-mer-ile-de-re-ilaan-turneel.jpg\",\"contentUrl\":\"https:\\\/\\\/turneel.com\\\/wp-content\\\/uploads\\\/2023\\\/07\\\/monstre-marin-peinture-mer-ile-de-re-ilaan-turneel.jpg\",\"width\":1500,\"height\":1968},{\"@type\":\"BreadcrumbList\",\"@id\":\"https:\\\/\\\/turneel.com\\\/artwork\\\/bleus-d-ocean-peintre-ile-de-re-ilaan-turneel\\\/#breadcrumb\",\"itemListElement\":[{\"@type\":\"ListItem\",\"position\":1,\"name\":\"Accueil\",\"item\":\"https:\\\/\\\/turneel.com\\\/\"},{\"@type\":\"ListItem\",\"position\":2,\"name\":\"Galerie\",\"item\":\"https:\\\/\\\/turneel.com\\\/gallery\\\/\"},{\"@type\":\"ListItem\",\"position\":3,\"name\":\"Bleus d&rsquo;Oc\u00e9an\"}]},{\"@type\":\"WebSite\",\"@id\":\"https:\\\/\\\/turneel.com\\\/#website\",\"url\":\"https:\\\/\\\/turneel.com\\\/\",\"name\":\"Ilaan Turneel\",\"description\":\"\",\"publisher\":{\"@id\":\"https:\\\/\\\/turneel.com\\\/#organization\"},\"potentialAction\":[{\"@type\":\"SearchAction\",\"target\":{\"@type\":\"EntryPoint\",\"urlTemplate\":\"https:\\\/\\\/turneel.com\\\/?s={search_term_string}\"},\"query-input\":{\"@type\":\"PropertyValueSpecification\",\"valueRequired\":true,\"valueName\":\"search_term_string\"}}],\"inLanguage\":\"en-GB\"},{\"@type\":\"Organization\",\"@id\":\"https:\\\/\\\/turneel.com\\\/#organization\",\"name\":\"Ilaan Turneel\",\"url\":\"https:\\\/\\\/turneel.com\\\/\",\"logo\":{\"@type\":\"ImageObject\",\"inLanguage\":\"en-GB\",\"@id\":\"https:\\\/\\\/turneel.com\\\/#\\\/schema\\\/logo\\\/image\\\/\",\"url\":\"https:\\\/\\\/turneel.com\\\/wp-content\\\/uploads\\\/2021\\\/08\\\/cropped-T-Turneel.png\",\"contentUrl\":\"https:\\\/\\\/turneel.com\\\/wp-content\\\/uploads\\\/2021\\\/08\\\/cropped-T-Turneel.png\",\"width\":900,\"height\":600,\"caption\":\"Ilaan Turneel\"},\"image\":{\"@id\":\"https:\\\/\\\/turneel.com\\\/#\\\/schema\\\/logo\\\/image\\\/\"}}]}<\/script>\n<!-- \/ Yoast SEO plugin. -->","yoast_head_json":{"title":"Bleus d'Oc\u00e9an - Peintre \u00cele de R\u00e9 - Ilaan Turneel","description":"Peinture de bleus d'oc\u00e9an \u00e0 l'\u00cele de R\u00e9, peinture r\u00e9alis\u00e9e par le peintre Ilaan Turneel le sp\u00e9cialiste de la peinture de mer","robots":{"index":"index","follow":"follow","max-snippet":"max-snippet:-1","max-image-preview":"max-image-preview:large","max-video-preview":"max-video-preview:-1"},"canonical":"https:\/\/turneel.com\/en\/artwork\/bleus-d-ocean-peintre-ile-de-re-ilaan-turneel\/","og_locale":"en_GB","og_type":"article","og_title":"Bleus d'Oc\u00e9an - Peintre \u00cele de R\u00e9 - Ilaan Turneel","og_description":"Peinture de bleus d'oc\u00e9an \u00e0 l'\u00cele de R\u00e9, peinture r\u00e9alis\u00e9e par le peintre Ilaan Turneel le sp\u00e9cialiste de la peinture de mer","og_url":"https:\/\/turneel.com\/en\/artwork\/bleus-d-ocean-peintre-ile-de-re-ilaan-turneel\/","og_site_name":"Ilaan Turneel","article_modified_time":"2023-07-10T10:01:25+00:00","og_image":[{"width":1500,"height":1968,"url":"https:\/\/turneel.com\/wp-content\/uploads\/2023\/07\/monstre-marin-peinture-mer-ile-de-re-ilaan-turneel.jpg","type":"image\/jpeg"}],"twitter_card":"summary_large_image","twitter_misc":{"Estimated reading time":"1 minute"},"schema":{"@context":"https:\/\/schema.org","@graph":[{"@type":"WebPage","@id":"https:\/\/turneel.com\/artwork\/bleus-d-ocean-peintre-ile-de-re-ilaan-turneel\/","url":"https:\/\/turneel.com\/artwork\/bleus-d-ocean-peintre-ile-de-re-ilaan-turneel\/","name":"Bleus d'Oc\u00e9an - Peintre \u00cele de R\u00e9 - Ilaan Turneel","isPartOf":{"@id":"https:\/\/turneel.com\/#website"},"primaryImageOfPage":{"@id":"https:\/\/turneel.com\/artwork\/bleus-d-ocean-peintre-ile-de-re-ilaan-turneel\/#primaryimage"},"image":{"@id":"https:\/\/turneel.com\/artwork\/bleus-d-ocean-peintre-ile-de-re-ilaan-turneel\/#primaryimage"},"thumbnailUrl":"https:\/\/turneel.com\/wp-content\/uploads\/2023\/07\/monstre-marin-peinture-mer-ile-de-re-ilaan-turneel.jpg","datePublished":"2023-07-02T11:01:59+00:00","dateModified":"2023-07-10T10:01:25+00:00","description":"Peinture de bleus d'oc\u00e9an \u00e0 l'\u00cele de R\u00e9, peinture r\u00e9alis\u00e9e par le peintre Ilaan Turneel le sp\u00e9cialiste de la peinture de mer","breadcrumb":{"@id":"https:\/\/turneel.com\/artwork\/bleus-d-ocean-peintre-ile-de-re-ilaan-turneel\/#breadcrumb"},"inLanguage":"en-GB","potentialAction":[{"@type":"ReadAction","target":["https:\/\/turneel.com\/artwork\/bleus-d-ocean-peintre-ile-de-re-ilaan-turneel\/"]}]},{"@type":"ImageObject","inLanguage":"en-GB","@id":"https:\/\/turneel.com\/artwork\/bleus-d-ocean-peintre-ile-de-re-ilaan-turneel\/#primaryimage","url":"https:\/\/turneel.com\/wp-content\/uploads\/2023\/07\/monstre-marin-peinture-mer-ile-de-re-ilaan-turneel.jpg","contentUrl":"https:\/\/turneel.com\/wp-content\/uploads\/2023\/07\/monstre-marin-peinture-mer-ile-de-re-ilaan-turneel.jpg","width":1500,"height":1968},{"@type":"BreadcrumbList","@id":"https:\/\/turneel.com\/artwork\/bleus-d-ocean-peintre-ile-de-re-ilaan-turneel\/#breadcrumb","itemListElement":[{"@type":"ListItem","position":1,"name":"Accueil","item":"https:\/\/turneel.com\/"},{"@type":"ListItem","position":2,"name":"Galerie","item":"https:\/\/turneel.com\/gallery\/"},{"@type":"ListItem","position":3,"name":"Bleus d&rsquo;Oc\u00e9an"}]},{"@type":"WebSite","@id":"https:\/\/turneel.com\/#website","url":"https:\/\/turneel.com\/","name":"Ilaan Turneel","description":"","publisher":{"@id":"https:\/\/turneel.com\/#organization"},"potentialAction":[{"@type":"SearchAction","target":{"@type":"EntryPoint","urlTemplate":"https:\/\/turneel.com\/?s={search_term_string}"},"query-input":{"@type":"PropertyValueSpecification","valueRequired":true,"valueName":"search_term_string"}}],"inLanguage":"en-GB"},{"@type":"Organization","@id":"https:\/\/turneel.com\/#organization","name":"Ilaan Turneel","url":"https:\/\/turneel.com\/","logo":{"@type":"ImageObject","inLanguage":"en-GB","@id":"https:\/\/turneel.com\/#\/schema\/logo\/image\/","url":"https:\/\/turneel.com\/wp-content\/uploads\/2021\/08\/cropped-T-Turneel.png","contentUrl":"https:\/\/turneel.com\/wp-content\/uploads\/2021\/08\/cropped-T-Turneel.png","width":900,"height":600,"caption":"Ilaan Turneel"},"image":{"@id":"https:\/\/turneel.com\/#\/schema\/logo\/image\/"}}]}},"_links":{"self":[{"href":"https:\/\/turneel.com\/en\/wp-json\/wp\/v2\/product\/454","targetHints":{"allow":["GET"]}}],"collection":[{"href":"https:\/\/turneel.com\/en\/wp-json\/wp\/v2\/product"}],"about":[{"href":"https:\/\/turneel.com\/en\/wp-json\/wp\/v2\/types\/product"}],"wp:featuredmedia":[{"embeddable":true,"href":"https:\/\/turneel.com\/en\/wp-json\/wp\/v2\/media\/455"}],"wp:attachment":[{"href":"https:\/\/turneel.com\/en\/wp-json\/wp\/v2\/media?parent=454"}],"wp:term":[{"taxonomy":"product_brand","embeddable":true,"href":"https:\/\/turneel.com\/en\/wp-json\/wp\/v2\/product_brand?post=454"},{"taxonomy":"product_cat","embeddable":true,"href":"https:\/\/turneel.com\/en\/wp-json\/wp\/v2\/product_cat?post=454"},{"taxonomy":"product_tag","embeddable":true,"href":"https:\/\/turneel.com\/en\/wp-json\/wp\/v2\/product_tag?post=454"}],"curies":[{"name":"wp","href":"https:\/\/api.w.org\/{rel}","templated":true}]}}